{"id":78,"date":"2018-06-21T17:03:24","date_gmt":"2018-06-21T17:03:24","guid":{"rendered":"https:\/\/testing.homeinfo.de\/hvo-eg\/www\/?page_id=78"},"modified":"2018-06-25T16:53:12","modified_gmt":"2018-06-25T14:53:12","slug":"uber-uns","status":"publish","type":"page","link":"https:\/\/www.hvo-eg.de\/?page_id=78","title":{"rendered":"\u00dcber uns"},"content":{"rendered":"<p>[vc_row row_height_percent=&#8220;0&#8243; override_padding=&#8220;yes&#8220; h_padding=&#8220;2&#8243; top_padding=&#8220;2&#8243; bottom_padding=&#8220;0&#8243; overlay_alpha=&#8220;50&#8243; gutter_size=&#8220;3&#8243; shift_y=&#8220;0&#8243;][vc_column column_width_percent=&#8220;100&#8243; overlay_alpha=&#8220;50&#8243; gutter_size=&#8220;3&#8243; medium_width=&#8220;0&#8243; shift_x=&#8220;0&#8243; shift_y=&#8220;0&#8243; z_index=&#8220;0&#8243; width=&#8220;1\/1&#8243;][vc_custom_heading]Wohnen beim Heimst\u00e4ttenverein Osnabr\u00fcck eG. das hei\u00dft[\/vc_custom_heading][\/vc_column][\/vc_row][vc_row row_height_percent=&#8220;0&#8243; override_padding=&#8220;yes&#8220; h_padding=&#8220;2&#8243; top_padding=&#8220;2&#8243; bottom_padding=&#8220;0&#8243; overlay_alpha=&#8220;50&#8243; gutter_size=&#8220;3&#8243; shift_y=&#8220;0&#8243;][vc_column width=&#8220;2\/3&#8243;][vc_column_text]<\/p>\n<h3>Mehr als nur ein Dach \u00fcber dem Kopf<\/h3>\n<p><img class=\" wp-image-407 alignright\" src=\"https:\/\/www.hvo-eg.de\/wp-content\/uploads\/2018\/06\/ueber_1.jpg\" alt=\"\" width=\"201\" height=\"137\" \/>Wohnen in ruhiger Lage in den Stadtteilen Westerberg, Hellern, Sch\u00f6lerberg und Schinkel. Der Heimst\u00e4ttenverein schlie\u00dft mit dem Mieter den sogenannten Dauernutzungsvertrag ab. Das bedeutet in der Praxis, die Wohnung ist nahezu unk\u00fcndbar. Als Mitglied der Genossenschaft ist man gewisserma\u00dfen \u201eMieter im eigenen Haus\u201c und verschafft sich ein lebenslanges Wohnrecht!<\/p>\n<p><img class=\" wp-image-408 alignright\" src=\"https:\/\/www.hvo-eg.de\/wp-content\/uploads\/2018\/06\/Wohngebaeude.jpg\" alt=\"\" width=\"200\" height=\"160\" \/>Das Genossenschaftsrecht sch\u00fctzt also das Wohnen besser als das normale Mietrecht. Gesch\u00e4ftliche \u00dcbersch\u00fcsse, die \u00fcber die j\u00e4hrliche Gewinnaussch\u00fcttung hinausgehen, werden wieder in den Bestand investiert, um nicht nur die Wohnung zu erhalten, sondern auch zu erneuern, damit diese auf Dauer f\u00fcr Sie attraktiv bleibt.[\/vc_column_text][\/vc_column][vc_column width=&#8220;1\/3&#8243;][\/vc_column][\/vc_row][vc_row row_height_percent=&#8220;0&#8243; override_padding=&#8220;yes&#8220; h_padding=&#8220;2&#8243; top_padding=&#8220;2&#8243; bottom_padding=&#8220;0&#8243; overlay_alpha=&#8220;50&#8243; gutter_size=&#8220;0&#8243; shift_y=&#8220;0&#8243;][vc_column width=&#8220;1\/1&#8243;][vc_column_text]<\/p>\n<h3>Wer oder was ist die Wohnungsbaugenossenschaft?<\/h3>\n<p>[\/vc_column_text][vc_row_inner row_inner_height_percent=&#8220;0&#8243; overlay_alpha=&#8220;50&#8243; gutter_size=&#8220;3&#8243; shift_y=&#8220;0&#8243; css=&#8220;.vc_custom_1529937849332{margin-top: 0px !important;padding-top: 16px !important;}&#8220;][vc_column_inner width=&#8220;1\/3&#8243;][vc_column_text]Eine unserer wichtigsten Aufgaben ist die sichere und sozial ausgewogene Wohnungsversorgung f\u00fcr alle Menschen in Osnabr\u00fcck zu angemessenen Preisen. Auch nach der Aufhebung der Wohnungsgemeinn\u00fctzigkeit f\u00fchlt sich der Heimst\u00e4ttenverein weiterhin sozialpolitischen Zielsetzungen verpflichtet.[\/vc_column_text][\/vc_column_inner][vc_column_inner width=&#8220;1\/3&#8243;][vc_column_text]Der Heimst\u00e4ttenverein ist ein gesundes Unternehmen, denn der Eigenkapitalanteil betr\u00e4gt 50% bei einer Bilanzsumme von rund 60 Mio EURO. Das bedeutet f\u00fcr die Mitglieder und Mieter in erster Linie Sicherheit und Geborgenheit.[\/vc_column_text][\/vc_column_inner][vc_column_inner width=&#8220;1\/3&#8243;][\/vc_column_inner][\/vc_row_inner][\/vc_column][\/vc_row][vc_row row_height_percent=&#8220;0&#8243; override_padding=&#8220;yes&#8220; h_padding=&#8220;2&#8243; top_padding=&#8220;2&#8243; bottom_padding=&#8220;0&#8243; overlay_alpha=&#8220;50&#8243; gutter_size=&#8220;3&#8243; shift_y=&#8220;0&#8243;][vc_column width=&#8220;1\/3&#8243;][vc_custom_heading heading_semantic=&#8220;h3&#8243; text_size=&#8220;h3&#8243;]Sicherheit[\/vc_custom_heading][\/vc_column][vc_column width=&#8220;1\/3&#8243;][vc_custom_heading heading_semantic=&#8220;h3&#8243; text_size=&#8220;h3&#8243;]Service[\/vc_custom_heading][\/vc_column][vc_column width=&#8220;1\/3&#8243;][vc_custom_heading heading_semantic=&#8220;h3&#8243; text_size=&#8220;h3&#8243;]Beratung[\/vc_custom_heading][\/vc_column][\/vc_row][vc_row row_height_percent=&#8220;0&#8243; override_padding=&#8220;yes&#8220; h_padding=&#8220;2&#8243; top_padding=&#8220;0&#8243; bottom_padding=&#8220;0&#8243; overlay_alpha=&#8220;50&#8243; gutter_size=&#8220;3&#8243; shift_y=&#8220;0&#8243; css=&#8220;.vc_custom_1529938368068{padding-top: 18px !important;}&#8220;][vc_column width=&#8220;1\/3&#8243;][vc_column_text]Unsere Nutzungsvertr\u00e4ge werden als Dauernutzungsvertr\u00e4ge abgeschlossen. Dies bedeutet, dass ein Vertragsverh\u00e4ltnis nur bei gravierenden Verst\u00f6\u00dfen gegen die vertraglichen Vereinbarungen von uns beendet wird. Viele unserer Mieter wohnen schon l\u00e4nger als vier Jahrzehnte in unseren Wohnungen.[\/vc_column_text][\/vc_column][vc_column width=&#8220;1\/3&#8243;][vc_column_text]Mit unserem eigenen Handwerkerservice und unserem Notdienst, k\u00f6nnen Sie sich darauf verlassen, dass im Falle eines Falles immer ein Mitarbeiter f\u00fcr Sie erreichbar ist. Durch die Mitarbeiter -innen unserer technischen Abteilung ist gew\u00e4hrleistet, dass Reparaturen, St\u00f6rungs- oder M\u00e4ngelbeseitigungen durch unsere eigenen Handwerker oder zuverl\u00e4ssige Vertragsfirmen schnell und kosteng\u00fcnstig ausgef\u00fchrt werden.[\/vc_column_text][\/vc_column][vc_column width=&#8220;1\/3&#8243;][vc_column_text]Unser Team aus engagierten und qualifizierten Mitarbeitern (Kaufleute der Grundst\u00fccks- und Wohnungswirtschaft) steht Ihnen in allen Fragen &#8222;rund um das Wohnen&#8220; zur Verf\u00fcgung.[\/vc_column_text][\/vc_column][\/vc_row]<\/p>\n","protected":false},"excerpt":{"rendered":"<p>[vc_row row_height_percent=&#8220;0&#8243; override_padding=&#8220;yes&#8220; h_padding=&#8220;2&#8243; top_padding=&#8220;2&#8243; bottom_padding=&#8220;0&#8243; overlay_alpha=&#8220;50&#8243; gutter_size=&#8220;3&#8243; shift_y=&#8220;0&#8243;][vc_column column_width_percent=&#8220;100&#8243; overlay_alpha=&#8220;50&#8243; gutter_size=&#8220;3&#8243; medium_width=&#8220;0&#8243; shift_x=&#8220;0&#8243; shift_y=&#8220;0&#8243; z_index=&#8220;0&#8243; width=&#8220;1\/1&#8243;][vc_custom_heading]Wohnen beim Heimst\u00e4ttenverein Osnabr\u00fcck [&hellip;]<\/p>\n","protected":false},"author":1,"featured_media":0,"parent":0,"menu_order":0,"comment_status":"closed","ping_status":"closed","template":"","meta":[],"_links":{"self":[{"href":"https:\/\/www.hvo-eg.de\/index.php?rest_route=\/wp\/v2\/pages\/78"}],"collection":[{"href":"https:\/\/www.hvo-eg.de\/index.php?rest_route=\/wp\/v2\/pages"}],"about":[{"href":"https:\/\/www.hvo-eg.de\/index.php?rest_route=\/wp\/v2\/types\/page"}],"author":[{"embeddable":true,"href":"https:\/\/www.hvo-eg.de\/index.php?rest_route=\/wp\/v2\/users\/1"}],"replies":[{"embeddable":true,"href":"https:\/\/www.hvo-eg.de\/index.php?rest_route=%2Fwp%2Fv2%2Fcomments&post=78"}],"version-history":[{"count":32,"href":"https:\/\/www.hvo-eg.de\/index.php?rest_route=\/wp\/v2\/pages\/78\/revisions"}],"predecessor-version":[{"id":438,"href":"https:\/\/www.hvo-eg.de\/index.php?rest_route=\/wp\/v2\/pages\/78\/revisions\/438"}],"wp:attachment":[{"href":"https:\/\/www.hvo-eg.de\/index.php?rest_route=%2Fwp%2Fv2%2Fmedia&parent=78"}],"curies":[{"name":"wp","href":"https:\/\/api.w.org\/{rel}","templated":true}]}}