{"id":51,"date":"2018-06-21T16:58:29","date_gmt":"2018-06-21T16:58:29","guid":{"rendered":"https:\/\/testing.homeinfo.de\/hvo-eg\/www\/?page_id=51"},"modified":"2025-06-20T09:15:19","modified_gmt":"2025-06-20T07:15:19","slug":"impressum","status":"publish","type":"page","link":"https:\/\/www.hvo-eg.de\/?page_id=51","title":{"rendered":"Impressum"},"content":{"rendered":"<p>[vc_row row_height_percent=&#8220;0&#8243; override_padding=&#8220;yes&#8220; h_padding=&#8220;2&#8243; top_padding=&#8220;2&#8243; bottom_padding=&#8220;0&#8243; overlay_alpha=&#8220;50&#8243; gutter_size=&#8220;3&#8243; shift_y=&#8220;0&#8243;][vc_column width=&#8220;1\/1&#8243;][vc_column_text]<\/p>\n<h3>Impressum<\/h3>\n<p>Heimst\u00e4ttenverein Osnabr\u00fcck eG<br \/>\nGeorgstra\u00dfe 15,49074 Osnabr\u00fcck<br \/>\nTelefon: 0541 &#8211; 28061 &#8211; 0<br \/>\nTelefax: 0541 &#8211; 28061 &#8211; 35<br \/>\nInternet: www.hvo-eg.de<br \/>\ne-mail: kontakt@hvo-eg.de<\/p>\n<p>Registergericht: Amtsgericht Osnabr\u00fcck Gen R Nr. 204<br \/>\nVorsitzender des Aufsichtsrates: Reinhard van Lengerich<br \/>\nVorstand:<br \/>\nJ\u00fcrgen Silies (gesch\u00e4ftsf\u00fchrendes Vorstandsmitglied)<br \/>\nKai-Uwe Bredlich<br \/>\nNadine Hagensieker<\/p>\n<h4>Nutzungsbedingungen<\/h4>\n<p>Nutzungsbedingungen f\u00fcr die Nutzung der Website www.hvo-eg.de, betrieben durch den Heimst\u00e4ttenverein Osnabr\u00fcck eG (im folgenden &#8222;HVO&#8220; genannt) vertreten durch den Vorstand. Falls Sie zu diesen Nutzungsbedingungen Fragen haben, schreiben Sie uns bitte eine eMail. Wir behalten uns vor, diese Nutzungsbedingungen jederzeit und ohne Nennung von Gr\u00fcnden zu \u00e4ndern.<\/p>\n<h4>Nutzungsanspruch<\/h4>\n<p>Ein Anspruch auf Nutzung unserer Webseiten besteht nicht. Die &#8222;HVO&#8220; Website kann insbesondere wegen Wartungsarbeiten vor\u00fcbergehend nicht verf\u00fcgbar sein, ohne dass dem Nutzer hieraus Anspr\u00fcche gegen &#8222;HVO&#8220; erwachsen.<\/p>\n<h4>Datenverarbeitung<\/h4>\n<p>Pers\u00f6nliche Daten, die Nutzer bekannt geben, werden vertraulich behandelt.<\/p>\n<h4>Inhaltlich verantwortlich gem\u00e4\u00df TMG<\/h4>\n<p>J\u00fcrgen Silies (gesch\u00e4ftsf\u00fchrendes Vorstandsmitglied)<br \/>\nGeorgstra\u00dfe 15, 49074 Osnabr\u00fcck<\/p>\n<p>Mail: juergen.silies@hvo-eg.de<\/p>\n<h4>Rechtlicher Hinweis<\/h4>\n<p>Die Nutzung der auf der &#8222;HVO&#8220; Website angebotenen Serviceleistungen ist kostenlos.<br \/>\nIm Rahmen dieses Angebots gesetzte Links stellen Hinweise auf Zusatzinformation dar, die nicht mit dem redaktionellen Angebot von HVO in Verbindung stehen. Verwendete Warenzeichen, auch ungekennzeichnet, sind das Eigentum ihrer jeweiligen Inhaber. Keine Gew\u00e4hr f\u00fcr Richtigkeit, Vollst\u00e4ndigkeit und Aktualit\u00e4t der Texte und sonstigen Informationen.<br \/>\nAlle Rechte liegen beim jeweiligen Autor\/Urheber, Reproduktion in jeglicher Form vorbehalten.<\/p>\n<h4>Pr\u00fcfungsverband<\/h4>\n<p>vdw &#8211; Verband der Wohnungs- und Immobilienwirtschaft in Niedersachsen und Bremen e.V.<\/p>\n<h4>Urheberrecht<\/h4>\n<p>Alle Rechte, auch die der \u00dcbersetzung, des Nachdrucks und der Vervielf\u00e4ltigung des Inhalts, sind vorbehalten. Ohne schriftliche Genehmigung durch &#8222;HVO&#8220; darf der Inhalt dieser Seiten in keiner Form reproduziert oder unter Verwendung elektronischer Systeme verarbeitet, vervielf\u00e4ltigt oder verbreitet werden.<\/p>\n<h4>Haftungsbeschr\u00e4nkung<\/h4>\n<p>Mit dem Urteil vom 12. Mai 1998 hat das Landgericht Hamburg entschieden, dass man durch die Ausbringung eines Links die Inhalte der gelinkten Seite gegebenenfalls mit zu verantworten hat. Dies kann, so das Landgericht, nur dadurch verhindert werden, dass man sich ausdr\u00fccklich von diesen Inhalten distanziert. Auf der &#8222;HVO&#8220; Website existieren Links zu anderen Seiten im Internet. F\u00fcr alle diese Links gilt: &#8222;HVO&#8220; erkl\u00e4rt ausdr\u00fccklich, dass HVO keinerlei Einfluss auf die Gestaltung und die Inhalte der gelinkten Seiten hat.<br \/>\nDeshalb distanziert HVO sich hiermit ausdr\u00fccklich von allen Inhalten aller auf dieser Website gelinkten Seiten und macht sich diese Inhalte nicht zu Eigen. Diese Erkl\u00e4rung gilt f\u00fcr alle auf dieser Website angezeigten Links und f\u00fcr alle Inhalte der Seiten, zu denen die bei HVO angebrachten Banner und Links f\u00fchren.<br \/>\nObwohl bei der Zusammenstellung der auf der HVO Website enthaltenen Informationen gr\u00f6\u00dfte Sorgfalt angewandt wurde, kann HVO nicht f\u00fcr deren Korrektheit garantieren. Die enthaltenen Angaben k\u00f6nnen ohne vorherige Ank\u00fcndigung ge\u00e4ndert werden.<br \/>\n&#8222;HVO&#8220; geht damit keine Verpflichtung ein.<\/p>\n<h4>Hinweis zum Verbraucherstreitbeilegungsgesetz<\/h4>\n<p>Wir sind zur Teilnahme an einem Streitbeilegungsverfahren vor einer Verbraucherschlichtungsstelle weder bereit noch verpflichtet.[\/vc_column_text][\/vc_column][\/vc_row]<\/p>\n","protected":false},"excerpt":{"rendered":"<p>[vc_row row_height_percent=&#8220;0&#8243; override_padding=&#8220;yes&#8220; h_padding=&#8220;2&#8243; top_padding=&#8220;2&#8243; bottom_padding=&#8220;0&#8243; overlay_alpha=&#8220;50&#8243; gutter_size=&#8220;3&#8243; shift_y=&#8220;0&#8243;][vc_column width=&#8220;1\/1&#8243;][vc_column_text] Impressum Heimst\u00e4ttenverein Osnabr\u00fcck eG Georgstra\u00dfe 15,49074 Osnabr\u00fcck Telefon: 0541 &#8211; [&hellip;]<\/p>\n","protected":false},"author":1,"featured_media":0,"parent":0,"menu_order":0,"comment_status":"closed","ping_status":"closed","template":"","meta":[],"_links":{"self":[{"href":"https:\/\/www.hvo-eg.de\/index.php?rest_route=\/wp\/v2\/pages\/51"}],"collection":[{"href":"https:\/\/www.hvo-eg.de\/index.php?rest_route=\/wp\/v2\/pages"}],"about":[{"href":"https:\/\/www.hvo-eg.de\/index.php?rest_route=\/wp\/v2\/types\/page"}],"author":[{"embeddable":true,"href":"https:\/\/www.hvo-eg.de\/index.php?rest_route=\/wp\/v2\/users\/1"}],"replies":[{"embeddable":true,"href":"https:\/\/www.hvo-eg.de\/index.php?rest_route=%2Fwp%2Fv2%2Fcomments&post=51"}],"version-history":[{"count":6,"href":"https:\/\/www.hvo-eg.de\/index.php?rest_route=\/wp\/v2\/pages\/51\/revisions"}],"predecessor-version":[{"id":1958,"href":"https:\/\/www.hvo-eg.de\/index.php?rest_route=\/wp\/v2\/pages\/51\/revisions\/1958"}],"wp:attachment":[{"href":"https:\/\/www.hvo-eg.de\/index.php?rest_route=%2Fwp%2Fv2%2Fmedia&parent=51"}],"curies":[{"name":"wp","href":"https:\/\/api.w.org\/{rel}","templated":true}]}}