{"id":35,"date":"2018-06-21T16:56:57","date_gmt":"2018-06-21T16:56:57","guid":{"rendered":"https:\/\/testing.homeinfo.de\/hvo-eg\/www\/?page_id=35"},"modified":"2026-03-12T08:06:42","modified_gmt":"2026-03-12T07:06:42","slug":"notdienst-service","status":"publish","type":"page","link":"https:\/\/www.hvo-eg.de\/?page_id=35","title":{"rendered":"Notdienst Service"},"content":{"rendered":"<p>[vc_row row_height_percent=&#8220;0&#8243; override_padding=&#8220;yes&#8220; h_padding=&#8220;2&#8243; top_padding=&#8220;2&#8243; bottom_padding=&#8220;0&#8243; overlay_alpha=&#8220;50&#8243; gutter_size=&#8220;3&#8243; shift_y=&#8220;0&#8243;][vc_column column_width_percent=&#8220;100&#8243; gutter_size=&#8220;2&#8243; overlay_alpha=&#8220;50&#8243; shift_x=&#8220;0&#8243; shift_y=&#8220;0&#8243; z_index=&#8220;0&#8243; medium_width=&#8220;0&#8243; width=&#8220;1\/1&#8243;][vc_custom_heading heading_semantic=&#8220;h3&#8243; text_size=&#8220;h3&#8243;]Notdienst Service[\/vc_custom_heading][vc_separator][\/vc_column][\/vc_row][vc_row row_height_percent=&#8220;0&#8243; override_padding=&#8220;yes&#8220; h_padding=&#8220;2&#8243; top_padding=&#8220;0&#8243; bottom_padding=&#8220;0&#8243; overlay_alpha=&#8220;50&#8243; gutter_size=&#8220;3&#8243; shift_y=&#8220;0&#8243; css=&#8220;.vc_custom_1530288121823{padding-top: 18px !important;}&#8220;][vc_column width=&#8220;1\/2&#8243;][vc_column_text]Grunds\u00e4tzlich gilt: erst das HVO-Team anrufen unter:[\/vc_column_text][vc_row_inner row_inner_height_percent=&#8220;0&#8243; overlay_alpha=&#8220;50&#8243; gutter_size=&#8220;2&#8243; shift_y=&#8220;0&#8243;][vc_column_inner width=&#8220;1\/1&#8243;][vc_button radius=&#8220;btn-round&#8220; icon=&#8220;fa fa-phone&#8220;]0541 \u2013 2 80 61-20[\/vc_button][vc_button radius=&#8220;btn-round&#8220; border_width=&#8220;0&#8243; icon=&#8220;fa fa-phone&#8220;]0541 \u2013 2 80 61-23[\/vc_button][vc_button radius=&#8220;btn-round&#8220; border_width=&#8220;0&#8243; icon=&#8220;fa fa-phone&#8220;]0541 \u2013 2 80 61-24[\/vc_button][\/vc_column_inner][\/vc_row_inner][vc_column_text]Aber manchmal passiert es:<\/p>\n<ul>\n<li>Stromausfall in der Wohnung<\/li>\n<li>Rohrbruch<\/li>\n<li>Heizungsausfall<\/li>\n<li>Rohrverstopfung<\/li>\n<li>T\u00fcrschloss defekt<\/li>\n<\/ul>\n<p>au\u00dferhalb der Gesch\u00e4ftszeiten. F\u00fcr diesen Fall haben wir mit unseren Vertragspartnern Notdienst-Vereinbarungen geschlossen.\u00a0Wir behalten uns vor, jeden Notdiensteinsatz darauf zu pr\u00fcfen, ob dieser auch erforderlich war.<\/p>\n<p>Kein Notfall liegt vor, wenn zum Beispiel\u00a0die <em>Bade- oder Duschwanne nicht abflie\u00dft<\/em> oder\u00a0das <em>Waschbecken verstopft<\/em> ist.[\/vc_column_text][\/vc_column][vc_column column_width_percent=&#8220;100&#8243; gutter_size=&#8220;0&#8243; back_color=&#8220;color-lxmt&#8220; overlay_alpha=&#8220;50&#8243; shift_x=&#8220;0&#8243; shift_y=&#8220;0&#8243; z_index=&#8220;0&#8243; medium_width=&#8220;0&#8243; width=&#8220;1\/2&#8243;][vc_column_text]Die Namen unserer Vertragspartner im \u00dcberblick:[\/vc_column_text][vc_separator sep_color=&#8220;color-gyho&#8220;][vc_custom_heading heading_semantic=&#8220;h5&#8243; text_size=&#8220;h5&#8243;]Elektroservice[\/vc_custom_heading][vc_row_inner row_inner_height_percent=&#8220;0&#8243; overlay_alpha=&#8220;50&#8243; gutter_size=&#8220;3&#8243; shift_y=&#8220;0&#8243; css=&#8220;.vc_custom_1530026285066{padding-bottom: 18px !important;}&#8220;][vc_column_inner column_width_percent=&#8220;100&#8243; position_horizontal=&#8220;left&#8220; gutter_size=&#8220;3&#8243; overlay_alpha=&#8220;50&#8243; shift_x=&#8220;0&#8243; shift_y=&#8220;0&#8243; z_index=&#8220;0&#8243; medium_width=&#8220;0&#8243; width=&#8220;1\/2&#8243;][\/vc_column_inner][vc_column_inner column_width_percent=&#8220;100&#8243; position_horizontal=&#8220;right&#8220; align_horizontal=&#8220;align_right&#8220; gutter_size=&#8220;3&#8243; overlay_alpha=&#8220;50&#8243; shift_x=&#8220;0&#8243; shift_y=&#8220;0&#8243; z_index=&#8220;0&#8243; medium_width=&#8220;0&#8243; width=&#8220;1\/2&#8243;][\/vc_column_inner][\/vc_row_inner][vc_row_inner row_inner_height_percent=&#8220;0&#8243; overlay_alpha=&#8220;50&#8243; gutter_size=&#8220;3&#8243; shift_y=&#8220;0&#8243; css=&#8220;.vc_custom_1530026285066{padding-bottom: 18px !important;}&#8220;][vc_column_inner column_width_percent=&#8220;100&#8243; position_horizontal=&#8220;left&#8220; gutter_size=&#8220;3&#8243; overlay_alpha=&#8220;50&#8243; shift_x=&#8220;0&#8243; shift_y=&#8220;0&#8243; z_index=&#8220;0&#8243; medium_width=&#8220;0&#8243; width=&#8220;1\/2&#8243;][vc_column_text]Firma Elektrotechnik Besic[\/vc_column_text][\/vc_column_inner][vc_column_inner column_width_percent=&#8220;100&#8243; position_horizontal=&#8220;right&#8220; align_horizontal=&#8220;align_right&#8220; gutter_size=&#8220;3&#8243; overlay_alpha=&#8220;50&#8243; shift_x=&#8220;0&#8243; shift_y=&#8220;0&#8243; z_index=&#8220;0&#8243; medium_width=&#8220;0&#8243; width=&#8220;1\/2&#8243;][vc_column_text]0541 &#8211; 9 70 96 74<br \/>\n0176 &#8211; 78 35 27 93[\/vc_column_text][\/vc_column_inner][\/vc_row_inner][vc_custom_heading heading_semantic=&#8220;h5&#8243; text_size=&#8220;h5&#8243;]Heizung \/ Sanit\u00e4r[\/vc_custom_heading][vc_separator sep_color=&#8220;color-gyho&#8220;][vc_row_inner row_inner_height_percent=&#8220;0&#8243; overlay_alpha=&#8220;50&#8243; gutter_size=&#8220;3&#8243; shift_y=&#8220;0&#8243;][vc_column_inner column_width_percent=&#8220;100&#8243; position_horizontal=&#8220;left&#8220; gutter_size=&#8220;3&#8243; overlay_alpha=&#8220;50&#8243; shift_x=&#8220;0&#8243; shift_y=&#8220;0&#8243; z_index=&#8220;0&#8243; medium_width=&#8220;0&#8243; width=&#8220;1\/2&#8243;][vc_column_text]Firma Oeverhaus[\/vc_column_text][\/vc_column_inner][vc_column_inner column_width_percent=&#8220;100&#8243; position_horizontal=&#8220;right&#8220; align_horizontal=&#8220;align_right&#8220; gutter_size=&#8220;3&#8243; overlay_alpha=&#8220;50&#8243; shift_x=&#8220;0&#8243; shift_y=&#8220;0&#8243; z_index=&#8220;0&#8243; medium_width=&#8220;0&#8243; width=&#8220;1\/2&#8243;][vc_column_text]0541 \u2013 95 94 00[\/vc_column_text][\/vc_column_inner][\/vc_row_inner][vc_row_inner row_inner_height_percent=&#8220;0&#8243; overlay_alpha=&#8220;50&#8243; gutter_size=&#8220;3&#8243; shift_y=&#8220;0&#8243; css=&#8220;.vc_custom_1530026295217{padding-bottom: 18px !important;}&#8220;][vc_column_inner column_width_percent=&#8220;100&#8243; position_horizontal=&#8220;left&#8220; gutter_size=&#8220;3&#8243; overlay_alpha=&#8220;50&#8243; shift_x=&#8220;0&#8243; shift_y=&#8220;0&#8243; z_index=&#8220;0&#8243; medium_width=&#8220;0&#8243; width=&#8220;1\/2&#8243;][vc_column_text]Firma Rasper[\/vc_column_text][\/vc_column_inner][vc_column_inner column_width_percent=&#8220;100&#8243; position_horizontal=&#8220;right&#8220; align_horizontal=&#8220;align_right&#8220; gutter_size=&#8220;3&#8243; overlay_alpha=&#8220;50&#8243; shift_x=&#8220;0&#8243; shift_y=&#8220;0&#8243; z_index=&#8220;0&#8243; medium_width=&#8220;0&#8243; width=&#8220;1\/2&#8243;][vc_column_text]05422 \u2013 9 82 20[\/vc_column_text][\/vc_column_inner][\/vc_row_inner][vc_custom_heading heading_semantic=&#8220;h5&#8243; text_size=&#8220;h5&#8243;]Rohrreinigungsservice[\/vc_custom_heading][vc_separator sep_color=&#8220;color-gyho&#8220;][vc_row_inner row_inner_height_percent=&#8220;0&#8243; overlay_alpha=&#8220;50&#8243; gutter_size=&#8220;3&#8243; shift_y=&#8220;0&#8243; css=&#8220;.vc_custom_1530025765829{padding-bottom: 9px !important;}&#8220;][vc_column_inner column_width_percent=&#8220;100&#8243; position_horizontal=&#8220;left&#8220; gutter_size=&#8220;3&#8243; overlay_alpha=&#8220;50&#8243; shift_x=&#8220;0&#8243; shift_y=&#8220;0&#8243; z_index=&#8220;0&#8243; medium_width=&#8220;0&#8243; width=&#8220;1\/2&#8243;][vc_column_text]Firma RRS<\/p>\n<p>[\/vc_column_text][\/vc_column_inner][vc_column_inner column_width_percent=&#8220;100&#8243; position_horizontal=&#8220;right&#8220; align_horizontal=&#8220;align_right&#8220; gutter_size=&#8220;3&#8243; overlay_alpha=&#8220;50&#8243; shift_x=&#8220;0&#8243; shift_y=&#8220;0&#8243; z_index=&#8220;0&#8243; medium_width=&#8220;0&#8243; width=&#8220;1\/2&#8243;][vc_column_text]0541 \u2013 6 60 21[\/vc_column_text][\/vc_column_inner][\/vc_row_inner][vc_custom_heading heading_semantic=&#8220;h5&#8243; text_size=&#8220;h5&#8243;]T\u00fcren, Fenster und PACO-Clips[\/vc_custom_heading][vc_separator sep_color=&#8220;color-gyho&#8220;][vc_row_inner][vc_column_inner column_width_percent=&#8220;100&#8243; position_horizontal=&#8220;left&#8220; gutter_size=&#8220;3&#8243; overlay_alpha=&#8220;50&#8243; shift_x=&#8220;0&#8243; shift_y=&#8220;0&#8243; z_index=&#8220;0&#8243; medium_width=&#8220;0&#8243; width=&#8220;1\/2&#8243;][vc_column_text]Firma Timm[\/vc_column_text][\/vc_column_inner][vc_column_inner column_width_percent=&#8220;100&#8243; position_horizontal=&#8220;right&#8220; align_horizontal=&#8220;align_right&#8220; gutter_size=&#8220;3&#8243; overlay_alpha=&#8220;50&#8243; shift_x=&#8220;0&#8243; shift_y=&#8220;0&#8243; z_index=&#8220;0&#8243; medium_width=&#8220;0&#8243; width=&#8220;1\/2&#8243;][vc_column_text]0541 \u2013 12 89 92<br \/>\n0170 \u2013 9 32 92 39[\/vc_column_text][\/vc_column_inner][\/vc_row_inner][vc_custom_heading heading_semantic=&#8220;h5&#8243; text_size=&#8220;h5&#8243;]Kabelfernsehen[\/vc_custom_heading][vc_separator sep_color=&#8220;color-gyho&#8220;][vc_row_inner row_inner_height_percent=&#8220;0&#8243; overlay_alpha=&#8220;50&#8243; gutter_size=&#8220;3&#8243; shift_y=&#8220;0&#8243; css=&#8220;.vc_custom_1530025953730{padding-bottom: 9px !important;}&#8220;][vc_column_inner column_width_percent=&#8220;100&#8243; position_horizontal=&#8220;left&#8220; gutter_size=&#8220;3&#8243; overlay_alpha=&#8220;50&#8243; shift_x=&#8220;0&#8243; shift_y=&#8220;0&#8243; z_index=&#8220;0&#8243; medium_width=&#8220;0&#8243; width=&#8220;1\/2&#8243;][vc_column_text][\/vc_column_text][\/vc_column_inner][vc_column_inner column_width_percent=&#8220;100&#8243; position_horizontal=&#8220;right&#8220; align_horizontal=&#8220;align_right&#8220; gutter_size=&#8220;3&#8243; overlay_alpha=&#8220;50&#8243; shift_x=&#8220;0&#8243; shift_y=&#8220;0&#8243; z_index=&#8220;0&#8243; medium_width=&#8220;0&#8243; width=&#8220;1\/2&#8243;][vc_column_text][\/vc_column_text][\/vc_column_inner][\/vc_row_inner][vc_row_inner row_inner_height_percent=&#8220;0&#8243; overlay_alpha=&#8220;50&#8243; gutter_size=&#8220;3&#8243; shift_y=&#8220;0&#8243; css=&#8220;.vc_custom_1530025953730{padding-bottom: 9px !important;}&#8220;][vc_column_inner column_width_percent=&#8220;100&#8243; position_horizontal=&#8220;left&#8220; gutter_size=&#8220;3&#8243; overlay_alpha=&#8220;50&#8243; shift_x=&#8220;0&#8243; shift_y=&#8220;0&#8243; z_index=&#8220;0&#8243; medium_width=&#8220;0&#8243; width=&#8220;1\/2&#8243;][vc_column_text]Vodafone<\/p>\n<p>[\/vc_column_text][\/vc_column_inner][vc_column_inner column_width_percent=&#8220;100&#8243; position_horizontal=&#8220;right&#8220; align_horizontal=&#8220;align_right&#8220; gutter_size=&#8220;3&#8243; overlay_alpha=&#8220;50&#8243; shift_x=&#8220;0&#8243; shift_y=&#8220;0&#8243; z_index=&#8220;0&#8243; medium_width=&#8220;0&#8243; width=&#8220;1\/2&#8243;][vc_column_text]0800 \u2013 52 666 25<br \/>\n(kostenlos aus allen Netzen)[\/vc_column_text][\/vc_column_inner][\/vc_row_inner][vc_custom_heading heading_semantic=&#8220;h5&#8243; text_size=&#8220;h5&#8243;]Rauchmelder[\/vc_custom_heading][vc_separator sep_color=&#8220;color-gyho&#8220;][vc_row_inner][vc_column_inner column_width_percent=&#8220;100&#8243; position_horizontal=&#8220;left&#8220; gutter_size=&#8220;3&#8243; overlay_alpha=&#8220;50&#8243; shift_x=&#8220;0&#8243; shift_y=&#8220;0&#8243; z_index=&#8220;0&#8243; medium_width=&#8220;0&#8243; width=&#8220;1\/2&#8243;][vc_column_text]Firma Andr\u00e4 + Zumstrull<\/p>\n<p>Firma Techem (H\u00e4user mit Gasetagenheizungen)[\/vc_column_text][\/vc_column_inner][vc_column_inner column_width_percent=&#8220;100&#8243; position_horizontal=&#8220;right&#8220; align_horizontal=&#8220;align_right&#8220; gutter_size=&#8220;3&#8243; overlay_alpha=&#8220;50&#8243; shift_x=&#8220;0&#8243; shift_y=&#8220;0&#8243; z_index=&#8220;0&#8243; medium_width=&#8220;0&#8243; width=&#8220;1\/2&#8243;][vc_column_text]0541 \u2013 7 30 84<\/p>\n<p>0800 \u2013 200 3320<br \/>\n(kostenlos aus allen Netzen)[\/vc_column_text][\/vc_column_inner][\/vc_row_inner][\/vc_column][\/vc_row]<\/p>\n","protected":false},"excerpt":{"rendered":"<p>[vc_row row_height_percent=&#8220;0&#8243; override_padding=&#8220;yes&#8220; h_padding=&#8220;2&#8243; top_padding=&#8220;2&#8243; bottom_padding=&#8220;0&#8243; overlay_alpha=&#8220;50&#8243; gutter_size=&#8220;3&#8243; shift_y=&#8220;0&#8243;][vc_column column_width_percent=&#8220;100&#8243; gutter_size=&#8220;2&#8243; overlay_alpha=&#8220;50&#8243; shift_x=&#8220;0&#8243; shift_y=&#8220;0&#8243; z_index=&#8220;0&#8243; medium_width=&#8220;0&#8243; width=&#8220;1\/1&#8243;][vc_custom_heading heading_semantic=&#8220;h3&#8243; text_size=&#8220;h3&#8243;]Notdienst Service[\/vc_custom_heading][vc_separator][\/vc_column][\/vc_row][vc_row [&hellip;]<\/p>\n","protected":false},"author":1,"featured_media":0,"parent":0,"menu_order":0,"comment_status":"closed","ping_status":"closed","template":"","meta":[],"_links":{"self":[{"href":"https:\/\/www.hvo-eg.de\/index.php?rest_route=\/wp\/v2\/pages\/35"}],"collection":[{"href":"https:\/\/www.hvo-eg.de\/index.php?rest_route=\/wp\/v2\/pages"}],"about":[{"href":"https:\/\/www.hvo-eg.de\/index.php?rest_route=\/wp\/v2\/types\/page"}],"author":[{"embeddable":true,"href":"https:\/\/www.hvo-eg.de\/index.php?rest_route=\/wp\/v2\/users\/1"}],"replies":[{"embeddable":true,"href":"https:\/\/www.hvo-eg.de\/index.php?rest_route=%2Fwp%2Fv2%2Fcomments&post=35"}],"version-history":[{"count":47,"href":"https:\/\/www.hvo-eg.de\/index.php?rest_route=\/wp\/v2\/pages\/35\/revisions"}],"predecessor-version":[{"id":1384,"href":"https:\/\/www.hvo-eg.de\/index.php?rest_route=\/wp\/v2\/pages\/35\/revisions\/1384"}],"wp:attachment":[{"href":"https:\/\/www.hvo-eg.de\/index.php?rest_route=%2Fwp%2Fv2%2Fmedia&parent=35"}],"curies":[{"name":"wp","href":"https:\/\/api.w.org\/{rel}","templated":true}]}}