{"id":30,"date":"2018-06-21T16:56:16","date_gmt":"2018-06-21T16:56:16","guid":{"rendered":"https:\/\/testing.homeinfo.de\/hvo-eg\/www\/?page_id=30"},"modified":"2018-06-29T18:25:58","modified_gmt":"2018-06-29T16:25:58","slug":"anfragebogen","status":"publish","type":"page","link":"https:\/\/www.hvo-eg.de\/?page_id=30","title":{"rendered":"Anfragebogen"},"content":{"rendered":"<p>[vc_row row_height_percent=&#8220;0&#8243; override_padding=&#8220;yes&#8220; h_padding=&#8220;2&#8243; top_padding=&#8220;2&#8243; bottom_padding=&#8220;0&#8243; overlay_alpha=&#8220;50&#8243; gutter_size=&#8220;3&#8243; shift_y=&#8220;0&#8243;][vc_column column_width_percent=&#8220;100&#8243; overlay_alpha=&#8220;50&#8243; gutter_size=&#8220;2&#8243; medium_width=&#8220;0&#8243; shift_x=&#8220;0&#8243; shift_y=&#8220;0&#8243; z_index=&#8220;0&#8243; width=&#8220;1\/1&#8243;][vc_custom_heading heading_semantic=&#8220;h3&#8243; text_size=&#8220;h3&#8243;]Anfragebogen[\/vc_custom_heading][vc_separator][vc_column_text]Damit wir die f\u00fcr Sie passende Wohnung m\u00f6glichst umgehend anbieten k\u00f6nnen,<br \/>\nf\u00fcllen Sie doch einfach den Online- Fragebogen aus und schicken ihn ab.[\/vc_column_text]<div role=\"form\" class=\"wpcf7\" id=\"wpcf7-f674-o1\" lang=\"de-DE\" dir=\"ltr\">\n<div class=\"screen-reader-response\" role=\"alert\" aria-live=\"polite\"><\/div>\n<form action=\"\/index.php?rest_route=%2Fwp%2Fv2%2Fpages%2F30#wpcf7-f674-o1\" method=\"post\" class=\"wpcf7-form init\" novalidate=\"novalidate\">\n<div style=\"display: none;\">\n<input type=\"hidden\" name=\"_wpcf7\" value=\"674\" \/>\n<input type=\"hidden\" name=\"_wpcf7_version\" value=\"5.2.2\" \/>\n<input type=\"hidden\" name=\"_wpcf7_locale\" value=\"de_DE\" \/>\n<input type=\"hidden\" name=\"_wpcf7_unit_tag\" value=\"wpcf7-f674-o1\" \/>\n<input type=\"hidden\" name=\"_wpcf7_container_post\" value=\"0\" \/>\n<input type=\"hidden\" name=\"_wpcf7_posted_data_hash\" value=\"\" \/>\n<\/div>\n<p><label> Anrede (Pflichtfeld) <\/label><br \/>\n<span class=\"wpcf7-form-control-wrap Anrede\"><select name=\"Anrede\" class=\"wpcf7-form-control wpcf7-select\" aria-invalid=\"false\"><option value=\"Herr\">Herr<\/option><option value=\"Frau\">Frau<\/option><option value=\"Divers\">Divers<\/option><\/select><\/span><\/p>\n<p><label> Vorname (Pflichtfeld)<br \/>\n    <span class=\"wpcf7-form-control-wrap your-vorname\"><input type=\"text\" name=\"your-vorname\" value=\"\" size=\"40\" class=\"wpcf7-form-control wpcf7-text wpcf7-validates-as-required\" aria-required=\"true\" aria-invalid=\"false\" \/><\/span> <\/label><\/p>\n<p><label> Nachname (Pflichtfeld)<br \/>\n    <span class=\"wpcf7-form-control-wrap your-nachname\"><input type=\"text\" name=\"your-nachname\" value=\"\" size=\"40\" class=\"wpcf7-form-control wpcf7-text wpcf7-validates-as-required\" aria-required=\"true\" aria-invalid=\"false\" \/><\/span> <\/label><\/p>\n<p><label> E-Mail-Adresse (Pflichtfeld)<br \/>\n    <span class=\"wpcf7-form-control-wrap your-email\"><input type=\"email\" name=\"your-email\" value=\"\" size=\"40\" class=\"wpcf7-form-control wpcf7-text wpcf7-email wpcf7-validates-as-required wpcf7-validates-as-email\" aria-required=\"true\" aria-invalid=\"false\" \/><\/span> <\/label><\/p>\n<p><label> Ihre aktuelle Adresse(Pflichtfeld)<br \/>\n    <span class=\"wpcf7-form-control-wrap your-adress\"><input type=\"text\" name=\"your-adress\" value=\"\" size=\"40\" class=\"wpcf7-form-control wpcf7-text wpcf7-validates-as-required\" aria-required=\"true\" aria-invalid=\"false\" \/><\/span> <\/label><\/p>\n<p><label> Telefon (Pflichtfeld)<br \/>\n    <span class=\"wpcf7-form-control-wrap your-phone\"><input type=\"text\" name=\"your-phone\" value=\"\" size=\"40\" class=\"wpcf7-form-control wpcf7-text wpcf7-validates-as-required\" aria-required=\"true\" aria-invalid=\"false\" \/><\/span> <\/label><\/p>\n<p><label> Geburtsdatum (freiwillig)<br \/>\n    <span class=\"wpcf7-form-control-wrap your-Geburtstag\"><input type=\"text\" name=\"your-Geburtstag\" value=\"\" size=\"40\" class=\"wpcf7-form-control wpcf7-text wpcf7-validates-as-required\" aria-required=\"true\" aria-invalid=\"false\" \/><\/span> <\/label><\/p>\n<p><label> Ich suche eine Wohnung im Stadteil <\/label><br \/>\n    <span class=\"wpcf7-form-control-wrap checkbox-161\"><span class=\"wpcf7-form-control wpcf7-checkbox wpcf7-validates-as-required\"><span class=\"wpcf7-list-item first\"><input type=\"checkbox\" name=\"checkbox-161[]\" value=\"Hellern\" \/><span class=\"wpcf7-list-item-label\">Hellern<\/span><\/span><span class=\"wpcf7-list-item\"><input type=\"checkbox\" name=\"checkbox-161[]\" value=\"Schoelerberg\" \/><span class=\"wpcf7-list-item-label\">Schoelerberg<\/span><\/span><span class=\"wpcf7-list-item\"><input type=\"checkbox\" name=\"checkbox-161[]\" value=\"Westerberg\" \/><span class=\"wpcf7-list-item-label\">Westerberg<\/span><\/span><span class=\"wpcf7-list-item\"><input type=\"checkbox\" name=\"checkbox-161[]\" value=\"Luestringen\" \/><span class=\"wpcf7-list-item-label\">Luestringen<\/span><\/span><span class=\"wpcf7-list-item\"><input type=\"checkbox\" name=\"checkbox-161[]\" value=\"Schinkel\" \/><span class=\"wpcf7-list-item-label\">Schinkel<\/span><\/span><span class=\"wpcf7-list-item last\"><input type=\"checkbox\" name=\"checkbox-161[]\" value=\"Eversburg\" \/><span class=\"wpcf7-list-item-label\">Eversburg<\/span><\/span><\/span><\/span><\/p>\n<p><label> Gr\u00f6sse der Wohnung in qm<br \/>\n    <span class=\"wpcf7-form-control-wrap your-groesse\"><input type=\"text\" name=\"your-groesse\" value=\"\" size=\"40\" class=\"wpcf7-form-control wpcf7-text\" aria-invalid=\"false\" \/><\/span> <\/label><\/p>\n<p><label> Anzahl der Zimmer von bis<br \/>\n    <span class=\"wpcf7-form-control-wrap your-zimmer\"><input type=\"text\" name=\"your-zimmer\" value=\"\" size=\"40\" class=\"wpcf7-form-control wpcf7-text\" aria-invalid=\"false\" \/><\/span> <\/label><\/p>\n<p><label> Preis incl. Nebenkosten<br \/>\n    <span class=\"wpcf7-form-control-wrap your-preis\"><input type=\"text\" name=\"your-preis\" value=\"\" size=\"40\" class=\"wpcf7-form-control wpcf7-text\" aria-invalid=\"false\" \/><\/span> <\/label><\/p>\n<p><label> Mietzeitpunkt ab (Pflichtfeld)<br \/>\n    <span class=\"wpcf7-form-control-wrap your-Mietzeitpunkt\"><input type=\"text\" name=\"your-Mietzeitpunkt\" value=\"\" size=\"40\" class=\"wpcf7-form-control wpcf7-text wpcf7-validates-as-required\" aria-required=\"true\" aria-invalid=\"false\" \/><\/span> <\/label><\/p>\n<p><label> Haushaltsgr\u00f6\u00dfe <\/label><br \/>\n    <span class=\"wpcf7-form-control-wrap Haushaltsgroesse\"><select name=\"Haushaltsgroesse\" class=\"wpcf7-form-control wpcf7-select\" aria-invalid=\"false\"><option value=\"1 Person\">1 Person<\/option><option value=\"2 Personen\">2 Personen<\/option><option value=\"3 Personen\">3 Personen<\/option><option value=\"4 Personen\">4 Personen<\/option><option value=\"5 Personen\">5 Personen<\/option><option value=\"6 Personen oder mehr\">6 Personen oder mehr<\/option><\/select><\/span><\/p>\n<p><label> Besondere W\u00fcnsche<br \/>\n    <span class=\"wpcf7-form-control-wrap your-message\"><textarea name=\"your-message\" cols=\"40\" rows=\"10\" class=\"wpcf7-form-control wpcf7-textarea\" aria-invalid=\"false\"><\/textarea><\/span> <\/label><br \/>\n<div id=\"cf7sr-6a05cc56e8cd2\" class=\"cf7sr-g-recaptcha\" data-sitekey=\"6LefR5UUAAAAAImsOotNXSxXoCnQrMHqHQwL_F3n\"><\/div><span class=\"wpcf7-form-control-wrap cf7sr-g-recaptcha-invalid\"><\/span><br \/>\n<input type=\"submit\" value=\"Senden\" class=\"wpcf7-form-control wpcf7-submit\" \/><\/p>\n<div class=\"wpcf7-response-output\" role=\"alert\" aria-hidden=\"true\"><\/div><\/form><\/div>[\/vc_column][\/vc_row]<\/p>\n","protected":false},"excerpt":{"rendered":"<p>[vc_row row_height_percent=&#8220;0&#8243; override_padding=&#8220;yes&#8220; h_padding=&#8220;2&#8243; top_padding=&#8220;2&#8243; bottom_padding=&#8220;0&#8243; overlay_alpha=&#8220;50&#8243; gutter_size=&#8220;3&#8243; shift_y=&#8220;0&#8243;][vc_column column_width_percent=&#8220;100&#8243; overlay_alpha=&#8220;50&#8243; gutter_size=&#8220;2&#8243; medium_width=&#8220;0&#8243; shift_x=&#8220;0&#8243; shift_y=&#8220;0&#8243; z_index=&#8220;0&#8243; width=&#8220;1\/1&#8243;][vc_custom_heading heading_semantic=&#8220;h3&#8243; text_size=&#8220;h3&#8243;]Anfragebogen[\/vc_custom_heading][vc_separator][vc_column_text]Damit wir [&hellip;]<\/p>\n","protected":false},"author":1,"featured_media":0,"parent":0,"menu_order":0,"comment_status":"closed","ping_status":"closed","template":"","meta":[],"_links":{"self":[{"href":"https:\/\/www.hvo-eg.de\/index.php?rest_route=\/wp\/v2\/pages\/30"}],"collection":[{"href":"https:\/\/www.hvo-eg.de\/index.php?rest_route=\/wp\/v2\/pages"}],"about":[{"href":"https:\/\/www.hvo-eg.de\/index.php?rest_route=\/wp\/v2\/types\/page"}],"author":[{"embeddable":true,"href":"https:\/\/www.hvo-eg.de\/index.php?rest_route=\/wp\/v2\/users\/1"}],"replies":[{"embeddable":true,"href":"https:\/\/www.hvo-eg.de\/index.php?rest_route=%2Fwp%2Fv2%2Fcomments&post=30"}],"version-history":[{"count":7,"href":"https:\/\/www.hvo-eg.de\/index.php?rest_route=\/wp\/v2\/pages\/30\/revisions"}],"predecessor-version":[{"id":794,"href":"https:\/\/www.hvo-eg.de\/index.php?rest_route=\/wp\/v2\/pages\/30\/revisions\/794"}],"wp:attachment":[{"href":"https:\/\/www.hvo-eg.de\/index.php?rest_route=%2Fwp%2Fv2%2Fmedia&parent=30"}],"curies":[{"name":"wp","href":"https:\/\/api.w.org\/{rel}","templated":true}]}}