{"id":21,"date":"2018-06-21T16:55:08","date_gmt":"2018-06-21T16:55:08","guid":{"rendered":"https:\/\/testing.homeinfo.de\/hvo-eg\/www\/?page_id=21"},"modified":"2026-01-15T12:33:21","modified_gmt":"2026-01-15T11:33:21","slug":"partner","status":"publish","type":"page","link":"https:\/\/www.hvo-eg.de\/?page_id=21","title":{"rendered":"Partner"},"content":{"rendered":"<p>[vc_row row_height_percent=&#8220;0&#8243; override_padding=&#8220;yes&#8220; h_padding=&#8220;2&#8243; top_padding=&#8220;2&#8243; bottom_padding=&#8220;0&#8243; overlay_alpha=&#8220;50&#8243; gutter_size=&#8220;3&#8243; shift_y=&#8220;0&#8243;][vc_column column_width_percent=&#8220;100&#8243; gutter_size=&#8220;2&#8243; overlay_alpha=&#8220;50&#8243; shift_x=&#8220;0&#8243; shift_y=&#8220;0&#8243; z_index=&#8220;0&#8243; medium_width=&#8220;0&#8243; width=&#8220;1\/1&#8243;][vc_custom_heading heading_semantic=&#8220;h3&#8243; text_size=&#8220;h3&#8243;]Unsere Partner[\/vc_custom_heading][vc_separator][vc_row_inner][vc_column_inner width=&#8220;1\/2&#8243;][vc_column_text]Wir verstehen uns als verantwortungsbewusster Partner in Osnabr\u00fcck und in den Nachbarorten. Mit der F\u00f6rderung und Unterst\u00fctzung gemeinsamer Initiativen und partnerschaftlicher Kooperationen erreichen wir Situationen zum gegenseitigen Vorteil.[\/vc_column_text][\/vc_column_inner][vc_column_inner width=&#8220;1\/2&#8243;][vc_column_text]Diesen nutzen wir, indem wir das Wohnumfeld kontinuierlich weiterentwickeln und wohnbegleitende Dienstleistungen an unsere Wohnungsnutzer vermitteln. Ihre Heimst\u00e4ttenverein Osnabr\u00fcck eG[\/vc_column_text][\/vc_column_inner][\/vc_row_inner][vc_separator][vc_row_inner][vc_column_inner column_width_percent=&#8220;100&#8243; position_vertical=&#8220;middle&#8220; gutter_size=&#8220;3&#8243; overlay_alpha=&#8220;50&#8243; shift_x=&#8220;0&#8243; shift_y=&#8220;0&#8243; z_index=&#8220;0&#8243; medium_width=&#8220;0&#8243; width=&#8220;1\/6&#8243;][vc_single_image media=&#8220;481&#8243; media_width_percent=&#8220;100&#8243; media_link=&#8220;url:http%3A%2F%2Fwww.sparkasse-osnabrueck.de%2F||target:%20_blank|&#8220;][\/vc_column_inner][vc_column_inner width=&#8220;5\/6&#8243;][vc_column_text]<strong>Sparkasse Osnabr\u00fcck<\/strong><br \/>\nIhr zuverl\u00e4ssiger Partner bei Geldgesch\u00e4ften.<br \/>\nWenn&#8217;s um Geld geht Sparkasse[\/vc_column_text][\/vc_column_inner][\/vc_row_inner][vc_separator][vc_row_inner][vc_column_inner column_width_percent=&#8220;100&#8243; position_vertical=&#8220;middle&#8220; gutter_size=&#8220;3&#8243; overlay_alpha=&#8220;50&#8243; shift_x=&#8220;0&#8243; shift_y=&#8220;0&#8243; z_index=&#8220;0&#8243; medium_width=&#8220;0&#8243; width=&#8220;1\/6&#8243;][vc_single_image media=&#8220;483&#8243; media_width_percent=&#8220;100&#8243; media_link=&#8220;url:https%3A%2F%2Fwww.stadtwerke-osnabrueck.de%2Fprivatkunden.html||target:%20_blank|&#8220;][\/vc_column_inner][vc_column_inner width=&#8220;5\/6&#8243;][vc_column_text]Ob Energie- und Wasserversorgung, ob \u00d6ffentlicher Personennahverkehr oder ob Betrieb der Entw\u00e4sserung, des Hafens und der B\u00e4der: Unsere Dienstleistungen, Angebote und Produkte pr\u00e4gen und beeinflussen zahlreiche Bereiche des t\u00e4glichen Lebens in und um Osnabr\u00fcck. Genau deshalb nennen wir uns auch &#8222;Unternehmen Lebensqualit\u00e4t&#8220;. Und mit nahezu 1.000, inklusive unserer Beteiligungen sogar mehr als 1.200 Mitarbeitern, arbeiten wir Tag f\u00fcr Tag an der Lebensqualit\u00e4t in der Stadt und der Region.[\/vc_column_text][\/vc_column_inner][\/vc_row_inner][vc_separator][vc_row_inner][vc_column_inner column_width_percent=&#8220;100&#8243; position_vertical=&#8220;middle&#8220; gutter_size=&#8220;3&#8243; overlay_alpha=&#8220;50&#8243; shift_x=&#8220;0&#8243; shift_y=&#8220;0&#8243; z_index=&#8220;0&#8243; medium_width=&#8220;0&#8243; width=&#8220;1\/6&#8243;][vc_single_image media=&#8220;484&#8243; media_width_percent=&#8220;100&#8243; media_link=&#8220;url:http%3A%2F%2Fwww.deswos.de%2F||target:%20_blank|&#8220;][\/vc_column_inner][vc_column_inner width=&#8220;5\/6&#8243;][vc_column_text]Die DESWOS Deutsche Entwicklungshilfe f\u00fcr soziales Wohnungs- und Siedlungswesen e.V. ist ein gemeinn\u00fctziger und privater Verein. Er wurde 1969 gegr\u00fcndet und wird von den im GdW Bundesverband deutscher Wohnungs- und Immobilienunternehmen e.V. organisierten Verb\u00e4nden der Wohnungswirtschaft und deren Mitgliedsunternehmen getragen. Das Leitmotiv der DESWOS war und ist:<br \/>\n<strong>Wohnungsnot und Armut in Entwicklungsl\u00e4ndern bek\u00e4mpfen.<\/strong>[\/vc_column_text][\/vc_column_inner][\/vc_row_inner][vc_separator][vc_row_inner][vc_column_inner column_width_percent=&#8220;100&#8243; position_vertical=&#8220;middle&#8220; gutter_size=&#8220;3&#8243; overlay_alpha=&#8220;50&#8243; shift_x=&#8220;0&#8243; shift_y=&#8220;0&#8243; z_index=&#8220;0&#8243; medium_width=&#8220;0&#8243; width=&#8220;1\/6&#8243;][vc_single_image media=&#8220;1454&#8243; media_width_percent=&#8220;100&#8243; media_link=&#8220;url:https%3A%2F%2Fwww.kh-os.de%2Fbetrieb%2Felektrotechnik-besic.html||target:%20_blank|&#8220;][\/vc_column_inner][vc_column_inner width=&#8220;5\/6&#8243;][vc_column_text]<strong>Elektrotechnik Besic GmbH<\/strong><\/p>\n<p>Elektrotechnik aus einer Hand: Kompetent, fair, zuverl\u00e4ssig<\/p>\n<p>Elektroinstallation, E-CHECK, Sprechanlagen, Geb\u00e4udesystemtechnik\/Powernet-KNX, Netzwerktechnik\/Telekommunikation, Kundendienst etc.[\/vc_column_text][\/vc_column_inner][\/vc_row_inner][vc_separator][vc_row_inner][vc_column_inner column_width_percent=&#8220;100&#8243; position_vertical=&#8220;middle&#8220; gutter_size=&#8220;3&#8243; overlay_alpha=&#8220;50&#8243; shift_x=&#8220;0&#8243; shift_y=&#8220;0&#8243; z_index=&#8220;0&#8243; medium_width=&#8220;0&#8243; width=&#8220;1\/6&#8243;][vc_single_image media=&#8220;487&#8243; media_width_percent=&#8220;100&#8243; media_link=&#8220;url:http%3A%2F%2Fwww.oeverhaus-online.de%2F||target:%20_blank|&#8220;][\/vc_column_inner][vc_column_inner width=&#8220;5\/6&#8243;][vc_column_text]<strong>Sanit\u00e4r- und Heizungstechnik<\/strong><br \/>\nEin Innungsbetrieb der sich seit <strong>30 Jahren<\/strong> in der 2. Generation im Familienbesitz befindet. 2 Meister und 30 Mitarbeiter stellen sicher, dass sich unsere Kundschaft auf uns verlassen kann.[\/vc_column_text][\/vc_column_inner][\/vc_row_inner][vc_separator][vc_row_inner][vc_column_inner column_width_percent=&#8220;100&#8243; position_vertical=&#8220;middle&#8220; gutter_size=&#8220;3&#8243; overlay_alpha=&#8220;50&#8243; shift_x=&#8220;0&#8243; shift_y=&#8220;0&#8243; z_index=&#8220;0&#8243; medium_width=&#8220;0&#8243; width=&#8220;1\/6&#8243;][vc_single_image media=&#8220;488&#8243; media_width_percent=&#8220;100&#8243; media_link=&#8220;url:https%3A%2F%2Fwww.vgh.de%2Fcontent%2Faussendienst%2Fh%2Fhagensiekertrame%2F||target:%20_blank|&#8220;][\/vc_column_inner][vc_column_inner width=&#8220;5\/6&#8243;][vc_column_text]<strong>VGH-Vertretung<\/strong><br \/>\n<strong>HagensiekerTrame GmbH<\/strong><br \/>\nWir sind Ihre VGH-Vertretung in 49078 Osnabr\u00fcck, H\u00f6rner Weg 2.<br \/>\nUnser Ziel ist es, Ihnen kompetent und zuverl\u00e4ssig in allen Versicherungsfragen zu helfen. Sie k\u00f6nnen uns jederzeit erreichen. Oder Sie kommen pers\u00f6nlich vorbei.<\/p>\n<p>Wir freuen uns \u00fcber Ihren Besuch.[\/vc_column_text][\/vc_column_inner][\/vc_row_inner][vc_separator][vc_separator][vc_row_inner][vc_column_inner column_width_percent=&#8220;100&#8243; position_vertical=&#8220;middle&#8220; gutter_size=&#8220;3&#8243; overlay_alpha=&#8220;50&#8243; shift_x=&#8220;0&#8243; shift_y=&#8220;0&#8243; z_index=&#8220;0&#8243; medium_width=&#8220;0&#8243; width=&#8220;1\/6&#8243;][vc_single_image media=&#8220;491&#8243; media_width_percent=&#8220;100&#8243; media_link=&#8220;url:http%3A%2F%2Fwww.vdwi.de%2F||target:%20_blank|&#8220;][\/vc_column_inner][vc_column_inner width=&#8220;5\/6&#8243;][vc_column_text]<strong>VDWI &#8211; Verein der Diplomierten Wohnungs- und Immobilienwirtinnen -wirte<\/strong><br \/>\nAn der F\u00fchrungsakademie der Wohnungs- und Immobilienwirtschaft \/FWI) in Bochum wird das berufsbegleitende Studium zum bzw. zur &#8222;Diplomierten Wohnungs- und Immobilienwirt\/-in (FWI)&#8220; angeboten. Ziel und Zweck des Vereins ist es, seinen Mitgliedern dauerhaft, \u00fcber das Studium hinausgehende Fortbildungsm\u00f6glichkeiten zu bieten und in regelm\u00e4\u00dfigen Abst\u00e4nden Erfahrungsaustausche stattfinden zu lassen.[\/vc_column_text][\/vc_column_inner][\/vc_row_inner][vc_separator][vc_separator][vc_row_inner][vc_column_inner column_width_percent=&#8220;100&#8243; position_vertical=&#8220;middle&#8220; gutter_size=&#8220;3&#8243; overlay_alpha=&#8220;50&#8243; shift_x=&#8220;0&#8243; shift_y=&#8220;0&#8243; z_index=&#8220;0&#8243; medium_width=&#8220;0&#8243; width=&#8220;1\/6&#8243;][vc_single_image media=&#8220;493&#8243; media_width_percent=&#8220;100&#8243; media_link=&#8220;url:http%3A%2F%2Fwww.sc-schoelerberg.de%2F||target:%20_blank|&#8220;][\/vc_column_inner][vc_column_inner width=&#8220;5\/6&#8243;][vc_column_text]<strong>Sportclub Sch\u00f6lerberg<\/strong><br \/>\nDer Verein wurde 2001 umbenannt in Sportclub Sch\u00f6lerberg und ist hervorgegangen aus dem Postsportverein Osnabr\u00fcck. Dieser wurde 1935 von Postmitarbeitern gegr\u00fcndet und beging im Jahr 2005 sein 70j\u00e4hriges Jubil\u00e4um.<\/p>\n<p>\u00dcber 800 Mitglieder bewegen sich im Bereich Mannschaftssport. Neu im Angebot ist der Gesundheitssport mit den Sparten: Aqua-Gymnastik \/ Bauch, Beine, Po\/ Tao-Yoga und R\u00fcckenschule. Das Angebot wird st\u00e4ndig erweitert.[\/vc_column_text][\/vc_column_inner][\/vc_row_inner][vc_separator][vc_row_inner][vc_column_inner column_width_percent=&#8220;100&#8243; position_vertical=&#8220;middle&#8220; gutter_size=&#8220;3&#8243; overlay_alpha=&#8220;50&#8243; shift_x=&#8220;0&#8243; shift_y=&#8220;0&#8243; z_index=&#8220;0&#8243; medium_width=&#8220;0&#8243; width=&#8220;1\/6&#8243;][vc_single_image media=&#8220;1299&#8243; media_width_percent=&#8220;100&#8243; media_link=&#8220;url:https%3A%2F%2Fwww.vfl.de%2F||target:%20_blank|&#8220;][\/vc_column_inner][vc_column_inner width=&#8220;5\/6&#8243;][vc_column_text]Der\u00a0<b>VfL Osnabr\u00fcck<\/b>\u00a0<i>(Verein f\u00fcr Leibes\u00fcbungen von 1899 e.\u00a0V. Osnabr\u00fcck)<\/i>\u00a0ist ein Sportverein[\/vc_column_text][\/vc_column_inner][\/vc_row_inner][vc_separator][vc_row_inner][vc_column_inner column_width_percent=&#8220;100&#8243; position_vertical=&#8220;middle&#8220; gutter_size=&#8220;3&#8243; overlay_alpha=&#8220;50&#8243; shift_x=&#8220;0&#8243; shift_y=&#8220;0&#8243; z_index=&#8220;0&#8243; medium_width=&#8220;0&#8243; width=&#8220;1\/6&#8243;][vc_single_image media=&#8220;1356&#8243; media_width_percent=&#8220;100&#8243; advanced=&#8220;yes&#8220; media_items=&#8220;media|original&#8220; media_overlay_opacity=&#8220;50&#8243; media_padding=&#8220;2&#8243; media_link=&#8220;url:https%3A%2F%2Fwww.eberhard-rasper.de%2F||target:%20_blank|&#8220;][\/vc_column_inner][vc_column_inner width=&#8220;5\/6&#8243;][vc_column_text]<strong>Eberhard Rasper GmbH<\/strong>[\/vc_column_text][\/vc_column_inner][\/vc_row_inner][\/vc_column][\/vc_row]<\/p>\n","protected":false},"excerpt":{"rendered":"<p>[vc_row row_height_percent=&#8220;0&#8243; override_padding=&#8220;yes&#8220; h_padding=&#8220;2&#8243; top_padding=&#8220;2&#8243; bottom_padding=&#8220;0&#8243; overlay_alpha=&#8220;50&#8243; gutter_size=&#8220;3&#8243; shift_y=&#8220;0&#8243;][vc_column column_width_percent=&#8220;100&#8243; gutter_size=&#8220;2&#8243; overlay_alpha=&#8220;50&#8243; shift_x=&#8220;0&#8243; shift_y=&#8220;0&#8243; z_index=&#8220;0&#8243; medium_width=&#8220;0&#8243; width=&#8220;1\/1&#8243;][vc_custom_heading heading_semantic=&#8220;h3&#8243; text_size=&#8220;h3&#8243;]Unsere Partner[\/vc_custom_heading][vc_separator][vc_row_inner][vc_column_inner [&hellip;]<\/p>\n","protected":false},"author":1,"featured_media":0,"parent":0,"menu_order":0,"comment_status":"closed","ping_status":"closed","template":"","meta":[],"_links":{"self":[{"href":"https:\/\/www.hvo-eg.de\/index.php?rest_route=\/wp\/v2\/pages\/21"}],"collection":[{"href":"https:\/\/www.hvo-eg.de\/index.php?rest_route=\/wp\/v2\/pages"}],"about":[{"href":"https:\/\/www.hvo-eg.de\/index.php?rest_route=\/wp\/v2\/types\/page"}],"author":[{"embeddable":true,"href":"https:\/\/www.hvo-eg.de\/index.php?rest_route=\/wp\/v2\/users\/1"}],"replies":[{"embeddable":true,"href":"https:\/\/www.hvo-eg.de\/index.php?rest_route=%2Fwp%2Fv2%2Fcomments&post=21"}],"version-history":[{"count":22,"href":"https:\/\/www.hvo-eg.de\/index.php?rest_route=\/wp\/v2\/pages\/21\/revisions"}],"predecessor-version":[{"id":1992,"href":"https:\/\/www.hvo-eg.de\/index.php?rest_route=\/wp\/v2\/pages\/21\/revisions\/1992"}],"wp:attachment":[{"href":"https:\/\/www.hvo-eg.de\/index.php?rest_route=%2Fwp%2Fv2%2Fmedia&parent=21"}],"curies":[{"name":"wp","href":"https:\/\/api.w.org\/{rel}","templated":true}]}}