{"id":19,"date":"2018-06-21T16:54:56","date_gmt":"2018-06-21T16:54:56","guid":{"rendered":"https:\/\/testing.homeinfo.de\/hvo-eg\/www\/?page_id=19"},"modified":"2018-06-29T17:52:39","modified_gmt":"2018-06-29T15:52:39","slug":"mitgliedschaft","status":"publish","type":"page","link":"https:\/\/www.hvo-eg.de\/?page_id=19","title":{"rendered":"Mitgliedschaft"},"content":{"rendered":"<p>[vc_row row_height_percent=&#8220;0&#8243; override_padding=&#8220;yes&#8220; h_padding=&#8220;2&#8243; top_padding=&#8220;2&#8243; bottom_padding=&#8220;0&#8243; overlay_alpha=&#8220;50&#8243; gutter_size=&#8220;3&#8243; shift_y=&#8220;0&#8243;][vc_column column_width_percent=&#8220;100&#8243; overlay_alpha=&#8220;50&#8243; gutter_size=&#8220;2&#8243; medium_width=&#8220;0&#8243; shift_x=&#8220;0&#8243; shift_y=&#8220;0&#8243; z_index=&#8220;0&#8243; width=&#8220;1\/1&#8243;][vc_custom_heading heading_semantic=&#8220;h3&#8243; text_size=&#8220;h3&#8243;]Mitgliedschaft[\/vc_custom_heading][vc_separator][vc_row_inner][vc_column_inner width=&#8220;2\/3&#8243;][vc_column_text]<\/p>\n<h4>Voraussetzung, eine Wohnung vom Heimst\u00e4ttenverein zu mieten<\/h4>\n<p>Aufgrund der Bestimmungen des Genossenschaftsgesetzes und der Satzung der HVO ist es erforderlich, dass jeder, der eine Wohnung aus dem Bestand der Genossenschaft anmietet, zuvor Mitglied der Genossenschaft wird. Das kann gleichzeitig mit der Unterzeichnung des Dauernutzungsvertrages erfolgen.[\/vc_column_text][vc_column_text]<\/p>\n<h4>Was kostet die Mitgliedschaft beim Heimst\u00e4ttenverein?<\/h4>\n<p>Der neue Mieter erwirbt mit seinem Beitritt Genossenschaftsanteile von je 160,00 Euro, die Basis des Gesch\u00e4ftes sind. Auf diese Einlagen gestaffelt nach Wohnungsgr\u00f6\u00dfe von Euro 320,&#8211; bis Euro 960,&#8211; hat der HVO in den zur\u00fcckliegenden Jahren stets eine Bruttodividende von 4% p.a. gew\u00e4hrt bzw. ausgezahlt. Als H\u00f6chstgrenze je Mitglied k\u00f6nnen 50 Anteile erworben werden.<\/p>\n<p>K\u00fcndigt ein Mieter seine Wohnung bei dem HVO, kann er auch gleichzeitig seine Mitgliedschaft k\u00fcndigen. Er bekommt sodann (nach Ablauf der satzungsgem\u00e4\u00df festgelegten Frist) sein eingezahltes Geldgesch\u00e4ftsguthaben plus aufgelaufener Dividende, wenn diese nicht zwischenzeitlich bereits ausgezahlt wurden, zur\u00fcckgezahlt.[\/vc_column_text][\/vc_column_inner][vc_column_inner width=&#8220;1\/3&#8243;][\/vc_column_inner][\/vc_row_inner][\/vc_column][\/vc_row]<\/p>\n","protected":false},"excerpt":{"rendered":"<p>[vc_row row_height_percent=&#8220;0&#8243; override_padding=&#8220;yes&#8220; h_padding=&#8220;2&#8243; top_padding=&#8220;2&#8243; bottom_padding=&#8220;0&#8243; overlay_alpha=&#8220;50&#8243; gutter_size=&#8220;3&#8243; shift_y=&#8220;0&#8243;][vc_column column_width_percent=&#8220;100&#8243; overlay_alpha=&#8220;50&#8243; gutter_size=&#8220;2&#8243; medium_width=&#8220;0&#8243; shift_x=&#8220;0&#8243; shift_y=&#8220;0&#8243; z_index=&#8220;0&#8243; width=&#8220;1\/1&#8243;][vc_custom_heading heading_semantic=&#8220;h3&#8243; text_size=&#8220;h3&#8243;]Mitgliedschaft[\/vc_custom_heading][vc_separator][vc_row_inner][vc_column_inner width=&#8220;2\/3&#8243;][vc_column_text] [&hellip;]<\/p>\n","protected":false},"author":1,"featured_media":0,"parent":0,"menu_order":0,"comment_status":"closed","ping_status":"closed","template":"","meta":[],"_links":{"self":[{"href":"https:\/\/www.hvo-eg.de\/index.php?rest_route=\/wp\/v2\/pages\/19"}],"collection":[{"href":"https:\/\/www.hvo-eg.de\/index.php?rest_route=\/wp\/v2\/pages"}],"about":[{"href":"https:\/\/www.hvo-eg.de\/index.php?rest_route=\/wp\/v2\/types\/page"}],"author":[{"embeddable":true,"href":"https:\/\/www.hvo-eg.de\/index.php?rest_route=\/wp\/v2\/users\/1"}],"replies":[{"embeddable":true,"href":"https:\/\/www.hvo-eg.de\/index.php?rest_route=%2Fwp%2Fv2%2Fcomments&post=19"}],"version-history":[{"count":6,"href":"https:\/\/www.hvo-eg.de\/index.php?rest_route=\/wp\/v2\/pages\/19\/revisions"}],"predecessor-version":[{"id":757,"href":"https:\/\/www.hvo-eg.de\/index.php?rest_route=\/wp\/v2\/pages\/19\/revisions\/757"}],"wp:attachment":[{"href":"https:\/\/www.hvo-eg.de\/index.php?rest_route=%2Fwp%2Fv2%2Fmedia&parent=19"}],"curies":[{"name":"wp","href":"https:\/\/api.w.org\/{rel}","templated":true}]}}