{"id":17,"date":"2018-06-21T16:54:46","date_gmt":"2018-06-21T16:54:46","guid":{"rendered":"https:\/\/testing.homeinfo.de\/hvo-eg\/www\/?page_id=17"},"modified":"2019-04-02T10:59:02","modified_gmt":"2019-04-02T08:59:02","slug":"bilanz","status":"publish","type":"page","link":"https:\/\/www.hvo-eg.de\/?page_id=17","title":{"rendered":"Bilanz"},"content":{"rendered":"<p>[vc_row row_height_percent=&#8220;0&#8243; override_padding=&#8220;yes&#8220; h_padding=&#8220;2&#8243; top_padding=&#8220;2&#8243; bottom_padding=&#8220;0&#8243; overlay_alpha=&#8220;50&#8243; gutter_size=&#8220;3&#8243; shift_y=&#8220;0&#8243;][vc_column column_width_percent=&#8220;100&#8243; overlay_alpha=&#8220;50&#8243; gutter_size=&#8220;2&#8243; medium_width=&#8220;0&#8243; shift_x=&#8220;0&#8243; shift_y=&#8220;0&#8243; z_index=&#8220;0&#8243; width=&#8220;1\/1&#8243;][vc_custom_heading heading_semantic=&#8220;h3&#8243; text_size=&#8220;h3&#8243;]Bilanzzahlen[\/vc_custom_heading][vc_separator][vc_column_text]Die wirtschaftliche Leistungsf\u00e4higkeit des Heimst\u00e4ttenvereins Osnabr\u00fcck eG auf einen Blick:[\/vc_column_text][vc_row_inner row_inner_height_percent=&#8220;0&#8243; overlay_alpha=&#8220;50&#8243; gutter_size=&#8220;3&#8243; shift_y=&#8220;0&#8243; css=&#8220;.vc_custom_1529940723870{padding-right: 36px !important;}&#8220;][vc_column_inner width=&#8220;1\/3&#8243;][vc_column_text]Gesch\u00e4ftsjahr<\/p>\n<p>Bilanzsumme<br \/>\nUmsatzerl\u00f6se<br \/>\nInvestitionsvolumen (Aufwendungen f\u00fcr<br \/>\nInstandhaltung\/Modernisierung,Neubau)<br \/>\nGesch\u00e4ftsguthaben<br \/>\nR\u00fccklagen<br \/>\nR\u00fcckstellungen<br \/>\nBilanzgewinn<br \/>\nEigenkapitalquote<br \/>\nAnlagenintensit\u00e4t[\/vc_column_text][\/vc_column_inner][vc_column_inner width=&#8220;1\/3&#8243;][vc_column_text]2017<br \/>\nEuro<br \/>\n64.748.029,68<br \/>\n9.988.116,98<br \/>\n4.068.694,42<\/p>\n<p>1.867.520,00<br \/>\n33.434.024,52<br \/>\n235.275,00<br \/>\n212.557,64<br \/>\n54,8 %<br \/>\n91,7 %[\/vc_column_text][\/vc_column_inner][vc_column_inner width=&#8220;1\/3&#8243;][vc_column_text]2016<br \/>\nEuro<br \/>\n62.310.774,15<br \/>\n9.729.140,91<br \/>\n3.815.427,16<\/p>\n<p>1.938.240,00<br \/>\n31.860.441,17<br \/>\n229.634,34<br \/>\n176.964,55<br \/>\n54,5 %<br \/>\n94,7 %[\/vc_column_text][\/vc_column_inner][\/vc_row_inner][\/vc_column][\/vc_row]<\/p>\n","protected":false},"excerpt":{"rendered":"<p>[vc_row row_height_percent=&#8220;0&#8243; override_padding=&#8220;yes&#8220; h_padding=&#8220;2&#8243; top_padding=&#8220;2&#8243; bottom_padding=&#8220;0&#8243; overlay_alpha=&#8220;50&#8243; gutter_size=&#8220;3&#8243; shift_y=&#8220;0&#8243;][vc_column column_width_percent=&#8220;100&#8243; overlay_alpha=&#8220;50&#8243; gutter_size=&#8220;2&#8243; medium_width=&#8220;0&#8243; shift_x=&#8220;0&#8243; shift_y=&#8220;0&#8243; z_index=&#8220;0&#8243; width=&#8220;1\/1&#8243;][vc_custom_heading heading_semantic=&#8220;h3&#8243; text_size=&#8220;h3&#8243;]Bilanzzahlen[\/vc_custom_heading][vc_separator][vc_column_text]Die wirtschaftliche [&hellip;]<\/p>\n","protected":false},"author":1,"featured_media":0,"parent":0,"menu_order":0,"comment_status":"closed","ping_status":"closed","template":"","meta":[],"_links":{"self":[{"href":"https:\/\/www.hvo-eg.de\/index.php?rest_route=\/wp\/v2\/pages\/17"}],"collection":[{"href":"https:\/\/www.hvo-eg.de\/index.php?rest_route=\/wp\/v2\/pages"}],"about":[{"href":"https:\/\/www.hvo-eg.de\/index.php?rest_route=\/wp\/v2\/types\/page"}],"author":[{"embeddable":true,"href":"https:\/\/www.hvo-eg.de\/index.php?rest_route=\/wp\/v2\/users\/1"}],"replies":[{"embeddable":true,"href":"https:\/\/www.hvo-eg.de\/index.php?rest_route=%2Fwp%2Fv2%2Fcomments&post=17"}],"version-history":[{"count":9,"href":"https:\/\/www.hvo-eg.de\/index.php?rest_route=\/wp\/v2\/pages\/17\/revisions"}],"predecessor-version":[{"id":1282,"href":"https:\/\/www.hvo-eg.de\/index.php?rest_route=\/wp\/v2\/pages\/17\/revisions\/1282"}],"wp:attachment":[{"href":"https:\/\/www.hvo-eg.de\/index.php?rest_route=%2Fwp%2Fv2%2Fmedia&parent=17"}],"curies":[{"name":"wp","href":"https:\/\/api.w.org\/{rel}","templated":true}]}}