{"id":13,"date":"2018-06-21T16:54:03","date_gmt":"2018-06-21T16:54:03","guid":{"rendered":"https:\/\/testing.homeinfo.de\/hvo-eg\/www\/?page_id=13"},"modified":"2018-06-29T17:49:23","modified_gmt":"2018-06-29T15:49:23","slug":"geschichte","status":"publish","type":"page","link":"https:\/\/www.hvo-eg.de\/?page_id=13","title":{"rendered":"Geschichte"},"content":{"rendered":"<p>[vc_row row_height_percent=&#8220;0&#8243; override_padding=&#8220;yes&#8220; h_padding=&#8220;2&#8243; top_padding=&#8220;2&#8243; bottom_padding=&#8220;0&#8243; overlay_alpha=&#8220;50&#8243; gutter_size=&#8220;3&#8243; shift_y=&#8220;0&#8243;][vc_column column_width_percent=&#8220;100&#8243; overlay_alpha=&#8220;50&#8243; gutter_size=&#8220;2&#8243; medium_width=&#8220;0&#8243; shift_x=&#8220;0&#8243; shift_y=&#8220;0&#8243; z_index=&#8220;0&#8243; width=&#8220;1\/1&#8243;][vc_custom_heading heading_semantic=&#8220;h3&#8243; text_size=&#8220;h3&#8243;]Geschichte[\/vc_custom_heading][vc_separator][vc_row_inner][vc_column_inner width=&#8220;1\/3&#8243;][vc_column_text]Die Heimst\u00e4ttenverein Osnabr\u00fcck eG wurde am 8. Mai 1919 gegr\u00fcndet, um die nach dem Ende des ersten Weltkrieges einsetzende Nachfrage nach einem eigenen Heim auf eigenem Grund und Boden zu erm\u00f6glichen. Die aus der Allgemeinen Osnabr\u00fccker Beamtenschaft gegr\u00fcndete Genossenschaft trug zun\u00e4chst den Namen <strong>&#8222;Beamtenwohnungsverein Osnabr\u00fcck eGmbH&#8220;<\/strong>.<\/p>\n<p>Die Nachfrage aus allen Teilen der Bev\u00f6lkerung war sehr stark, so dass man sich entschloss, auch anderen Mitb\u00fcrgern die M\u00f6glichkeit zu geben, Mitglied in der Genossenschaft zu werden. Die Bezeichnung wurde jetzt ge\u00e4ndert in &#8222;Heimst\u00e4ttenverein Osnabr\u00fcck eG&#8220;.[\/vc_column_text][\/vc_column_inner][vc_column_inner width=&#8220;1\/3&#8243;][vc_column_text]Spielte vor allem in den siebziger und achtziger Jahren der Bau von Erwerbsh\u00e4usern die Hauptrolle, so entschied man sich nach dem Wegfall des Wohnungsgemeinn\u00fctzigkeitsgesetzes (WGG) im Jahre 1990 dazu die Genossenschaft als reine Vermietungsgenossenschaft weiterzuf\u00fchren.<\/p>\n<p>Zur Zeit befinden sich 1.780 Wohnungen im Bestand des Heimst\u00e4ttenvereins, hinzu kommen noch 327 Garagen, eine eigengenutzte B\u00fcroeinheit, eine G\u00e4rtner-Werkstatt, zwei Trafostationen und 44 Einstellpl\u00e4tze.<\/p>\n<p>Im Dezember 1999 wurden 20 Wohnungen an die Mieter des Objektes &#8222;Betreutes Wohnen im Alter&#8220; am Ravensbrink 16 a, Osnabr\u00fcck, \u00fcbergeben. Dies ist eine weiterer Schritt, um den Mitgliedern bei der Genossenschaft das &#8222;Wohnen in Genossenschaften ein Leben lang&#8220; zu erm\u00f6glichen.[\/vc_column_text][\/vc_column_inner][vc_column_inner width=&#8220;1\/3&#8243;][vc_single_image media=&#8220;466&#8243; media_width_percent=&#8220;100&#8243; shape=&#8220;img-round&#8220;][\/vc_column_inner][\/vc_row_inner][\/vc_column][\/vc_row]<\/p>\n","protected":false},"excerpt":{"rendered":"<p>[vc_row row_height_percent=&#8220;0&#8243; override_padding=&#8220;yes&#8220; h_padding=&#8220;2&#8243; top_padding=&#8220;2&#8243; bottom_padding=&#8220;0&#8243; overlay_alpha=&#8220;50&#8243; gutter_size=&#8220;3&#8243; shift_y=&#8220;0&#8243;][vc_column column_width_percent=&#8220;100&#8243; overlay_alpha=&#8220;50&#8243; gutter_size=&#8220;2&#8243; medium_width=&#8220;0&#8243; shift_x=&#8220;0&#8243; shift_y=&#8220;0&#8243; z_index=&#8220;0&#8243; width=&#8220;1\/1&#8243;][vc_custom_heading heading_semantic=&#8220;h3&#8243; text_size=&#8220;h3&#8243;]Geschichte[\/vc_custom_heading][vc_separator][vc_row_inner][vc_column_inner width=&#8220;1\/3&#8243;][vc_column_text]Die [&hellip;]<\/p>\n","protected":false},"author":1,"featured_media":0,"parent":0,"menu_order":0,"comment_status":"closed","ping_status":"closed","template":"","meta":[],"_links":{"self":[{"href":"https:\/\/www.hvo-eg.de\/index.php?rest_route=\/wp\/v2\/pages\/13"}],"collection":[{"href":"https:\/\/www.hvo-eg.de\/index.php?rest_route=\/wp\/v2\/pages"}],"about":[{"href":"https:\/\/www.hvo-eg.de\/index.php?rest_route=\/wp\/v2\/types\/page"}],"author":[{"embeddable":true,"href":"https:\/\/www.hvo-eg.de\/index.php?rest_route=\/wp\/v2\/users\/1"}],"replies":[{"embeddable":true,"href":"https:\/\/www.hvo-eg.de\/index.php?rest_route=%2Fwp%2Fv2%2Fcomments&post=13"}],"version-history":[{"count":7,"href":"https:\/\/www.hvo-eg.de\/index.php?rest_route=\/wp\/v2\/pages\/13\/revisions"}],"predecessor-version":[{"id":752,"href":"https:\/\/www.hvo-eg.de\/index.php?rest_route=\/wp\/v2\/pages\/13\/revisions\/752"}],"wp:attachment":[{"href":"https:\/\/www.hvo-eg.de\/index.php?rest_route=%2Fwp%2Fv2%2Fmedia&parent=13"}],"curies":[{"name":"wp","href":"https:\/\/api.w.org\/{rel}","templated":true}]}}